{"id":34,"date":"2021-05-06T15:30:39","date_gmt":"2021-05-06T13:30:39","guid":{"rendered":"http:\/\/develop.organisator.galledia.ch\/?page_id=34"},"modified":"2024-02-21T17:00:50","modified_gmt":"2024-02-21T16:00:50","slug":"mediadaten","status":"publish","type":"page","link":"https:\/\/autoeditor.fachbau.ch\/de\/mediadaten\/","title":{"rendered":"Mediadaten"},"content":{"rendered":"<p><strong>autoeditor.fachbau.ch<\/strong><\/p>\n<p>ist das Branchen- und Informationsportal f\u00fcr die Schweizer Bauwirtschaft. Unter <a href=\"http:\/\/autoeditor.fachbau.ch\">autoeditor.fachbau.ch<\/a> finden Fachleute aus Praxis und Forschung geb\u00fcndelt Informationen, News, Berichte und Reportagen zu den relevanten und zukunftstr\u00e4chtigen Themen rund ums Bauen. Fachbau.ch ist die elektronische Kommunikationsplattform der drei f\u00fchrenden Fachzeitschriften f\u00fcr die planende und ausf\u00fchrende Bauwirtschaft, Bauindustrie und Baugewerbe<\/p>\n<p>&nbsp;<\/p>\n<ul>\n<li>\u00abdie baustellen\u00bb<\/li>\n<li>\u00abintelligent bauen\u00bb<\/li>\n<li>\u00abder bauingenieur\u00bb<\/li>\n<\/ul>\n<h2>die baustellen<\/h2>\n<p>Die unabh\u00e4ngige Monatszeitschrift deckt den Hoch-, Tief- und Spezialbau ab und berichtet \u00fcber Themen vom Abbruch bis zum Rohbau. Dabei stellt \u00abdie baustellen\u00bb Menschen in den Mittelpunkt. Interviews mit f\u00fchrenden Exponenten und Unternehmern der Bauwelt zeichnen das Heft ebenso aus wie fachkundige Erkl\u00e4rungen von Baukadern oder Portr\u00e4ts von stillen Schaffern im Hintergrund. Darin eingebettet liefert \u00abdie baustellen\u00bb monatliche Themenschwerpunkte wie etwa zu Baumaschinen und Baugeraten, Schalungen und Ger\u00fcsten, Baustelleneinrichtungen, Baustoffen und Baumaterialien und weiteren aktuellen Themen aus der Technik. Redaktoren und Autoren aus der Baupraxis publizieren in \u00abdie baustellen\u00bb und verleihen der Zeitschrift h\u00f6chste Fachkompetenz.<\/p>\n<h2>Zielgruppen<\/h2>\n<p>Bauunternehmen (Hoch-, Tief- und Spezialbau), General- und Totalunternehmen, Bauleiter, Baupoliere, Bauf\u00fchrer, Hersteller, Handler, Maschinisten, Dienstleister, Bau\u00e4mter der Gemeinden und Kantone, Ausbildungsst\u00e4tten und Verb\u00e4nde.<\/p>\n<p>\u00abdie baustellen\u00bb erscheint 11-mal j\u00e4hrlich in einer Auflage von 11 000 Exemplaren und ist f\u00fcr CHF 91.\u2013 im Jahresabo erh\u00e4ltlich.<\/p>\n<p><strong><span style=\"color: #ff0000;\"><a style=\"color: #ff0000;\" href=\"https:\/\/www.fachmedien.ch\/portfolio\/fachbau-ch.html\" target=\"_blank\" rel=\"noopener\">Mediadaten 2024 Download<\/a><\/span><\/strong><\/p>\n<h2>intelligent bauen<\/h2>\n<p>\u00abintelligent bauen\u00bb versteht sich als branchen\u00fcbergreifende Kommunikationsplattform f\u00fcr Fachleute aus Praxis und Forschung rund um das Themenspektrum des intelligenten und vernetzten Bauens. Das Heft f\u00fchrt zusammen, was f\u00fcr intelligentes Bauen zusammengeh\u00f6rt. Mit den digitalen Kan\u00e4len wie der Webseite, welche \u00fcber aktuelle News in der Branche berichtet und praxisnah Trends zusammenfasst wird die Steigerung der Aktualit\u00e4t und Vertiefung ausgew\u00e4hlter Themen und Beitr\u00e4ge erm\u00f6glicht. Durch die interdisziplin\u00e4re Informationsvermittlung auf hohem Niveau positioniert sich intelligent bauen klar an der Spitze des Markts.<\/p>\n<h2>Zielgruppen<\/h2>\n<p>Mit Ihrer Werbung erreichen Sie in diesem kompetenten Themenumfeld Entscheider und Mitglieder des Kaders in den Bereichen Fachplaner, technische B\u00fcros, Hersteller, H\u00e4ndler, grosse Installationsunternehmen, Immobilienverwaltungen, Investoren und Facility-Manager, Architekten, General- und Totalunternehmen, \u00c4mter und Beh\u00f6rden. Detaillierte Informationen zur Leserschaft, den Tarifen und Formaten k\u00f6nnen Sie den aktuellen Mediadaten entnehmen.<\/p>\n<p>\u00abintelligent bauen\u00bb erscheint 11-mal j\u00e4hrlich in einer Auflage von 7500 Exemplaren und ist f\u00fcr CHF 81.\u2013 im Jahresabo erh\u00e4ltlich.<\/p>\n<p><strong><span style=\"color: #ff0000;\"><a style=\"color: #ff0000;\" href=\"https:\/\/www.fachmedien.ch\/portfolio\/fachbau-ch.html\" target=\"_blank\" rel=\"noopener\">Mediadaten 2024 Download<\/a><\/span><\/strong><\/p>\n<h2>der bauingenieur<\/h2>\n<p>Das Motto f\u00fcr \u00abder bauingenieur\u00bb lautet: \u00abDer Bauingenieur als Probleml\u00f6ser zur Sicherung unserer Zukunft\u00bb.Entsprechend werden die Bereiche Entwerfen, Gestalten, Entwickeln und Ausf\u00fchren im Heft nicht nur theoretisch abgehandelt, sondern mit konkreten Beispielen aus der Praxis veranschaulicht. Die fachlichen Themen werden durch einen Managementteil erg\u00e4nzt, der auch Projektplanung und -steuerung umfasst. So schl\u00e4gt \u00abder bauingenieur\u00bb eine Br\u00fccke zwischen den Bauherren und Architekten auf der einen und den technischen Fachdisziplinen auf der anderen Seite. Und das in informativer wie attraktiver Form.<\/p>\n<h2>Zielgruppen<\/h2>\n<p>Bauingenieure, technische B\u00fcros, Planer, General- und Totalunternehmen, Unternehmen mit Bauingenieuren, Ingenieure von \u00c4mtern und Beh\u00f6rden, Statiker, Geometer, Geomatiker, Hersteller, H\u00e4ndler, Dienstleister, Verb\u00e4nde und Organisationen, Absolventen der ETH, Fachhochschulen und h\u00f6heren Fachpru\u0308fungen.<\/p>\n<p>\u00abder bauingenieur\u00bb erscheint 5-mal j\u00e4hrlich in einer Auflage von 6000 Exemplaren und ist f\u00fcr CHF 48.\u2013 im Jahresabo erh\u00e4ltlich.<\/p>\n<p><span style=\"color: #ff0000;\"><strong><a style=\"color: #ff0000;\" href=\"https:\/\/www.fachmedien.ch\/portfolio\/fachbau-ch.html\" target=\"_blank\" rel=\"noopener\">Mediadaten 2024 Download<\/a><\/strong><\/span><\/p>\n","protected":false},"excerpt":{"rendered":"<p>autoeditor.fachbau.ch ist das Branchen- und Informationsportal f\u00fcr die Schweizer Bauwirtschaft. Unter autoeditor.fachbau.ch finden Fachleute aus Praxis und Forschung geb\u00fcndelt Informationen, News, Berichte und Reportagen zu den relevanten und zukunftstr\u00e4chtigen Themen rund ums Bauen. Fachbau.ch ist die elektronische Kommunikationsplattform der drei f\u00fchrenden Fachzeitschriften f\u00fcr die planende und ausf\u00fchrende Bauwirtschaft, Bauindustrie und Baugewerbe &nbsp; \u00abdie baustellen\u00bb \u00abintelligent [&hellip;]<\/p>\n","protected":false},"author":1,"featured_media":0,"parent":0,"menu_order":0,"comment_status":"closed","ping_status":"closed","template":"","meta":{"_acf_changed":false,"footnotes":""},"class_list":["post-34","page","type-page","status-publish","hentry"],"acf":[],"yoast_head":"<!-- This site is optimized with the Yoast SEO plugin v27.4 - https:\/\/yoast.com\/product\/yoast-seo-wordpress\/ -->\n<title>Mediadaten - autoeditor.fachbau.ch<\/title>\n<meta name=\"description\" content=\"Unter autoeditor.fachbau.ch finden Fachleute aus Praxis und Forschung geb\u00fcndelt Informationen, News, Berichte und Reportagen zu den relevanten und zukunftstr\u00e4chtigen Themen rund ums Bauen.\" \/>\n<meta name=\"robots\" content=\"noindex, nofollow\" \/>\n<meta property=\"og:locale\" content=\"de_DE\" \/>\n<meta property=\"og:type\" content=\"article\" \/>\n<meta property=\"og:title\" content=\"Mediadaten - autoeditor.fachbau.ch\" \/>\n<meta property=\"og:description\" content=\"Unter autoeditor.fachbau.ch finden Fachleute aus Praxis und Forschung geb\u00fcndelt Informationen, News, Berichte und Reportagen zu den relevanten und zukunftstr\u00e4chtigen Themen rund ums Bauen.\" \/>\n<meta property=\"og:url\" content=\"https:\/\/www.autoeditor.fachbau.ch\/mediadaten\/\" \/>\n<meta property=\"og:site_name\" content=\"autoeditor.fachbau.ch\" \/>\n<meta property=\"article:modified_time\" content=\"2024-02-21T16:00:50+00:00\" \/>\n<meta name=\"twitter:card\" content=\"summary_large_image\" \/>\n<meta name=\"twitter:label1\" content=\"Gesch\u00e4tzte Lesezeit\" \/>\n\t<meta name=\"twitter:data1\" content=\"3\u00a0Minuten\" \/>\n<script type=\"application\/ld+json\" class=\"yoast-schema-graph\">{\"@context\":\"https:\\\/\\\/schema.org\",\"@graph\":[{\"@type\":\"WebPage\",\"@id\":\"https:\\\/\\\/www.autoeditor.fachbau.ch\\\/mediadaten\\\/\",\"url\":\"https:\\\/\\\/www.autoeditor.fachbau.ch\\\/mediadaten\\\/\",\"name\":\"Mediadaten - autoeditor.fachbau.ch\",\"isPartOf\":{\"@id\":\"https:\\\/\\\/autoeditor.fachbau.ch\\\/#website\"},\"datePublished\":\"2021-05-06T13:30:39+00:00\",\"dateModified\":\"2024-02-21T16:00:50+00:00\",\"description\":\"Unter autoeditor.fachbau.ch finden Fachleute aus Praxis und Forschung geb\u00fcndelt Informationen, News, Berichte und Reportagen zu den relevanten und zukunftstr\u00e4chtigen Themen rund ums Bauen.\",\"breadcrumb\":{\"@id\":\"https:\\\/\\\/www.autoeditor.fachbau.ch\\\/mediadaten\\\/#breadcrumb\"},\"inLanguage\":\"de\",\"potentialAction\":[{\"@type\":\"ReadAction\",\"target\":[\"https:\\\/\\\/www.autoeditor.fachbau.ch\\\/mediadaten\\\/\"]}]},{\"@type\":\"BreadcrumbList\",\"@id\":\"https:\\\/\\\/www.autoeditor.fachbau.ch\\\/mediadaten\\\/#breadcrumb\",\"itemListElement\":[{\"@type\":\"ListItem\",\"position\":1,\"name\":\"Startseite\",\"item\":\"https:\\\/\\\/autoeditor.fachbau.ch\\\/\"},{\"@type\":\"ListItem\",\"position\":2,\"name\":\"Mediadaten\"}]},{\"@type\":\"WebSite\",\"@id\":\"https:\\\/\\\/autoeditor.fachbau.ch\\\/#website\",\"url\":\"https:\\\/\\\/autoeditor.fachbau.ch\\\/\",\"name\":\"autoeditor.fachbau.ch\",\"description\":\"\",\"publisher\":{\"@id\":\"https:\\\/\\\/autoeditor.fachbau.ch\\\/#organization\"},\"potentialAction\":[{\"@type\":\"SearchAction\",\"target\":{\"@type\":\"EntryPoint\",\"urlTemplate\":\"https:\\\/\\\/autoeditor.fachbau.ch\\\/?s={search_term_string}\"},\"query-input\":{\"@type\":\"PropertyValueSpecification\",\"valueRequired\":true,\"valueName\":\"search_term_string\"}}],\"inLanguage\":\"de\"},{\"@type\":\"Organization\",\"@id\":\"https:\\\/\\\/autoeditor.fachbau.ch\\\/#organization\",\"name\":\"autoeditor.fachbau.ch\",\"url\":\"https:\\\/\\\/autoeditor.fachbau.ch\\\/\",\"logo\":{\"@type\":\"ImageObject\",\"inLanguage\":\"de\",\"@id\":\"https:\\\/\\\/autoeditor.fachbau.ch\\\/#\\\/schema\\\/logo\\\/image\\\/\",\"url\":\"https:\\\/\\\/autoeditor.fachbau.ch\\\/wp-content\\\/uploads\\\/2025\\\/05\\\/logo.svg\",\"contentUrl\":\"https:\\\/\\\/autoeditor.fachbau.ch\\\/wp-content\\\/uploads\\\/2025\\\/05\\\/logo.svg\",\"width\":763,\"height\":536,\"caption\":\"autoeditor.fachbau.ch\"},\"image\":{\"@id\":\"https:\\\/\\\/autoeditor.fachbau.ch\\\/#\\\/schema\\\/logo\\\/image\\\/\"}}]}<\/script>\n<!-- \/ Yoast SEO plugin. -->","yoast_head_json":{"title":"Mediadaten - autoeditor.fachbau.ch","description":"Unter autoeditor.fachbau.ch finden Fachleute aus Praxis und Forschung geb\u00fcndelt Informationen, News, Berichte und Reportagen zu den relevanten und zukunftstr\u00e4chtigen Themen rund ums Bauen.","robots":{"index":"noindex","follow":"nofollow"},"og_locale":"de_DE","og_type":"article","og_title":"Mediadaten - autoeditor.fachbau.ch","og_description":"Unter autoeditor.fachbau.ch finden Fachleute aus Praxis und Forschung geb\u00fcndelt Informationen, News, Berichte und Reportagen zu den relevanten und zukunftstr\u00e4chtigen Themen rund ums Bauen.","og_url":"https:\/\/www.autoeditor.fachbau.ch\/mediadaten\/","og_site_name":"autoeditor.fachbau.ch","article_modified_time":"2024-02-21T16:00:50+00:00","twitter_card":"summary_large_image","twitter_misc":{"Gesch\u00e4tzte Lesezeit":"3\u00a0Minuten"},"schema":{"@context":"https:\/\/schema.org","@graph":[{"@type":"WebPage","@id":"https:\/\/www.autoeditor.fachbau.ch\/mediadaten\/","url":"https:\/\/www.autoeditor.fachbau.ch\/mediadaten\/","name":"Mediadaten - autoeditor.fachbau.ch","isPartOf":{"@id":"https:\/\/autoeditor.fachbau.ch\/#website"},"datePublished":"2021-05-06T13:30:39+00:00","dateModified":"2024-02-21T16:00:50+00:00","description":"Unter autoeditor.fachbau.ch finden Fachleute aus Praxis und Forschung geb\u00fcndelt Informationen, News, Berichte und Reportagen zu den relevanten und zukunftstr\u00e4chtigen Themen rund ums Bauen.","breadcrumb":{"@id":"https:\/\/www.autoeditor.fachbau.ch\/mediadaten\/#breadcrumb"},"inLanguage":"de","potentialAction":[{"@type":"ReadAction","target":["https:\/\/www.autoeditor.fachbau.ch\/mediadaten\/"]}]},{"@type":"BreadcrumbList","@id":"https:\/\/www.autoeditor.fachbau.ch\/mediadaten\/#breadcrumb","itemListElement":[{"@type":"ListItem","position":1,"name":"Startseite","item":"https:\/\/autoeditor.fachbau.ch\/"},{"@type":"ListItem","position":2,"name":"Mediadaten"}]},{"@type":"WebSite","@id":"https:\/\/autoeditor.fachbau.ch\/#website","url":"https:\/\/autoeditor.fachbau.ch\/","name":"autoeditor.fachbau.ch","description":"","publisher":{"@id":"https:\/\/autoeditor.fachbau.ch\/#organization"},"potentialAction":[{"@type":"SearchAction","target":{"@type":"EntryPoint","urlTemplate":"https:\/\/autoeditor.fachbau.ch\/?s={search_term_string}"},"query-input":{"@type":"PropertyValueSpecification","valueRequired":true,"valueName":"search_term_string"}}],"inLanguage":"de"},{"@type":"Organization","@id":"https:\/\/autoeditor.fachbau.ch\/#organization","name":"autoeditor.fachbau.ch","url":"https:\/\/autoeditor.fachbau.ch\/","logo":{"@type":"ImageObject","inLanguage":"de","@id":"https:\/\/autoeditor.fachbau.ch\/#\/schema\/logo\/image\/","url":"https:\/\/autoeditor.fachbau.ch\/wp-content\/uploads\/2025\/05\/logo.svg","contentUrl":"https:\/\/autoeditor.fachbau.ch\/wp-content\/uploads\/2025\/05\/logo.svg","width":763,"height":536,"caption":"autoeditor.fachbau.ch"},"image":{"@id":"https:\/\/autoeditor.fachbau.ch\/#\/schema\/logo\/image\/"}}]}},"_links":{"self":[{"href":"https:\/\/autoeditor.fachbau.ch\/de\/wp-json\/wp\/v2\/pages\/34","targetHints":{"allow":["GET"]}}],"collection":[{"href":"https:\/\/autoeditor.fachbau.ch\/de\/wp-json\/wp\/v2\/pages"}],"about":[{"href":"https:\/\/autoeditor.fachbau.ch\/de\/wp-json\/wp\/v2\/types\/page"}],"author":[{"embeddable":true,"href":"https:\/\/autoeditor.fachbau.ch\/de\/wp-json\/wp\/v2\/users\/1"}],"replies":[{"embeddable":true,"href":"https:\/\/autoeditor.fachbau.ch\/de\/wp-json\/wp\/v2\/comments?post=34"}],"version-history":[{"count":7,"href":"https:\/\/autoeditor.fachbau.ch\/de\/wp-json\/wp\/v2\/pages\/34\/revisions"}],"predecessor-version":[{"id":19470,"href":"https:\/\/autoeditor.fachbau.ch\/de\/wp-json\/wp\/v2\/pages\/34\/revisions\/19470"}],"wp:attachment":[{"href":"https:\/\/autoeditor.fachbau.ch\/de\/wp-json\/wp\/v2\/media?parent=34"}],"curies":[{"name":"wp","href":"https:\/\/api.w.org\/{rel}","templated":true}]}}